{"id":243,"date":"2025-04-24T11:14:52","date_gmt":"2025-04-24T09:14:52","guid":{"rendered":"http:\/\/unrealattractions.com\/?page_id=243"},"modified":"2025-07-18T17:36:24","modified_gmt":"2025-07-18T15:36:24","slug":"contato","status":"publish","type":"page","link":"https:\/\/unrealattractions.com\/pt\/contato\/","title":{"rendered":"CONTATO"},"content":{"rendered":"<p>[et_pb_section fb_built=\u00bb1&#8243; admin_label=\u00bbHeader\u00bb _builder_version=\u00bb4.27.4&#8243; _module_preset=\u00bbdefault\u00bb use_background_color_gradient=\u00bbon\u00bb background_color_gradient_stops=\u00bbrgba(0,0,0,0.4) 0%|rgba(0,0,0,0.4) 100%\u00bb background_color_gradient_overlays_image=\u00bbon\u00bb background_image=\u00bbhttps:\/\/unrealattractions.com\/pt\/wp-content\/uploads\/2025\/05\/map.jpg\u00bb custom_padding=\u00bb8vw||8vw||true|false\u00bb locked=\u00bboff\u00bb collapsed=\u00bbon\u00bb global_colors_info=\u00bb{}\u00bb][et_pb_row _builder_version=\u00bb4.21.0&#8243; _module_preset=\u00bbdefault\u00bb max_width=\u00bb600px\u00bb global_colors_info=\u00bb{}\u00bb][et_pb_column type=\u00bb4_4&#8243; _builder_version=\u00bb4.21.0&#8243; _module_preset=\u00bbdefault\u00bb global_colors_info=\u00bb{}\u00bb][et_pb_text _builder_version=\u00bb4.27.4&#8243; _module_preset=\u00bb56970789-4f8b-411f-9181-45bcb3302d0a\u00bb text_font_size=\u00bb20px\u00bb text_orientation=\u00bbcenter\u00bb custom_margin=\u00bb||26px|||\u00bb text_text_shadow_style=\u00bbpreset1&#8243; text_text_shadow_horizontal_length=\u00bb0.1em\u00bb locked=\u00bboff\u00bb global_colors_info=\u00bb{}\u00bb]<\/p>\n<h1 style=\"font-size: 50px; text-align: center;\"><span style=\"color: #ffffff;\"><b>PRESENTE EM<br \/>\n<\/b><\/span><\/h1>\n<h1 style=\"font-size: 50px; text-align: center;\"><span style=\"color: #ffffff;\"><b>MAIS DE 80 PA\u00cdSES <\/b><\/span><\/h1>\n<p>[\/et_pb_text][\/et_pb_column][\/et_pb_row][\/et_pb_section][et_pb_section fb_built=\u00bb1&#8243; disabled_on=\u00bbon|off|off\u00bb admin_label=\u00bbContact &#038; Subscribe\u00bb _builder_version=\u00bb4.27.4&#8243; _module_preset=\u00bbdefault\u00bb background_color_gradient_direction=\u00bb90deg\u00bb custom_padding=\u00bb0px||0px||true|false\u00bb locked=\u00bboff\u00bb collapsed=\u00bbon\u00bb global_colors_info=\u00bb{}\u00bb][et_pb_row column_structure=\u00bb1_2,1_2&#8243; use_custom_gutter=\u00bbon\u00bb gutter_width=\u00bb1&#8243; make_equal=\u00bbon\u00bb admin_label=\u00bbBest Beans Row\u00bb module_class=\u00bb et_pb_row_fullwidth\u00bb _builder_version=\u00bb4.27.4&#8243; _module_preset=\u00bbdefault\u00bb width=\u00bb100%\u00bb max_width=\u00bbnone\u00bb min_height=\u00bb961.3px\u00bb custom_margin=\u00bb|auto|-3px|auto||\u00bb custom_padding=\u00bb0px||0px||true|false\u00bb make_fullwidth=\u00bbon\u00bb global_colors_info=\u00bb{}\u00bb][et_pb_column type=\u00bb1_2&#8243; _builder_version=\u00bb4.21.0&#8243; _module_preset=\u00bbdefault\u00bb custom_padding=\u00bb8%|8%|8%|8%|true|true\u00bb global_colors_info=\u00bb{}\u00bb custom_padding__hover=\u00bb|||\u00bb][et_pb_text _builder_version=\u00bb4.27.4&#8243; _module_preset=\u00bbd5501b48-2928-4dc4-9470-7da7e57e9b8f\u00bb text_font=\u00bb&#8211;et_global_heading_font|800|||||||\u00bb text_font_size=\u00bb32px\u00bb custom_margin=\u00bb||10px||false|false\u00bb global_colors_info=\u00bb{}\u00bb]<\/p>\n<p>ESCRITA-NOS<\/p>\n<p>[\/et_pb_text][et_pb_text _builder_version=\u00bb4.27.4&#8243; _module_preset=\u00bbdefault\u00bb global_colors_info=\u00bb{}\u00bb]<\/p>\n<div class=\"frm_forms  with_frm_style frm_style_estilo-de-formidable\" id=\"frm_form_2_container\" >\n<form enctype=\"multipart\/form-data\" method=\"post\" class=\"frm-show-form \" id=\"form_contact-form2\" >\n<div class=\"frm_form_fields \">\n<fieldset>\n<legend class=\"frm_screen_reader\">CONTACTO<\/legend>\r\n\r\n<div class=\"frm_fields_container\">\n<input type=\"hidden\" name=\"frm_action\" value=\"create\" \/>\n<input type=\"hidden\" name=\"form_id\" value=\"2\" \/>\n<input type=\"hidden\" name=\"frm_hide_fields_2\" id=\"frm_hide_fields_2\" value=\"\" \/>\n<input type=\"hidden\" name=\"form_key\" value=\"contact-form2\" \/>\n<input type=\"hidden\" name=\"item_meta[0]\" value=\"\" \/>\n<input type=\"hidden\" id=\"frm_submit_entry_2\" name=\"frm_submit_entry_2\" value=\"afac2de13e\" \/><input type=\"hidden\" name=\"_wp_http_referer\" value=\"\/pt\/wp-json\/wp\/v2\/pages\/243\" \/><div id=\"frm_field_6_container\" class=\"frm_form_field form-field  frm_required_field frm_top_container frm6 frm_first\">\r\n\t<label for=\"field_qh4icy2\" id=\"field_qh4icy2_label\" class=\"frm_primary_label\">Nome\r\n\t\t<span class=\"frm_required\" aria-hidden=\"true\">*<\/span>\r\n\t<\/label>\r\n\t<input type=\"text\" id=\"field_qh4icy2\" name=\"item_meta[6]\" value=\"\"  data-reqmsg=\"Nome no puede estar en blanco.\" aria-required=\"true\" data-invmsg=\"Nome no es v\u00e1lido\" aria-invalid=\"false\"  \/>\r\n\t\r\n\t\r\n<\/div>\n<div id=\"frm_field_7_container\" class=\"frm_form_field form-field  frm_required_field frm_top_container frm6\">\r\n\t<label for=\"field_g3bq8\" id=\"field_g3bq8_label\" class=\"frm_primary_label\">Telefone\r\n\t\t<span class=\"frm_required\" aria-hidden=\"true\">*<\/span>\r\n\t<\/label>\r\n\t<input type=\"text\" id=\"field_g3bq8\" name=\"item_meta[7]\" value=\"\"  data-reqmsg=\"Telefone no puede estar en blanco.\" aria-required=\"true\" data-invmsg=\"Telefone no es v\u00e1lido\" aria-invalid=\"false\"  \/>\r\n\t\r\n\t\r\n<\/div>\n<div id=\"frm_field_8_container\" class=\"frm_form_field form-field  frm_required_field frm_top_container frm_full\">\r\n\t<label for=\"field_29yf4d2\" id=\"field_29yf4d2_label\" class=\"frm_primary_label\">Email\r\n\t\t<span class=\"frm_required\" aria-hidden=\"true\">*<\/span>\r\n\t<\/label>\r\n\t<input type=\"email\" id=\"field_29yf4d2\" name=\"item_meta[8]\" value=\"\"  data-reqmsg=\"Email no puede estar en blanco.\" aria-required=\"true\" data-invmsg=\"Please enter a valid email address\" aria-invalid=\"false\"  \/>\r\n\t\r\n\t\r\n<\/div>\n<div id=\"frm_field_9_container\" class=\"frm_form_field form-field  frm_required_field frm_top_container frm_full\">\r\n\t<label for=\"field_e6lis62\" id=\"field_e6lis62_label\" class=\"frm_primary_label\">Caso\r\n\t\t<span class=\"frm_required\" aria-hidden=\"true\">*<\/span>\r\n\t<\/label>\r\n\t<input type=\"text\" id=\"field_e6lis62\" name=\"item_meta[9]\" value=\"\"  data-reqmsg=\"Caso no puede estar en blanco.\" aria-required=\"true\" data-invmsg=\"Caso no es v\u00e1lido\" aria-invalid=\"false\"  \/>\r\n\t\r\n\t\r\n<\/div>\n<div id=\"frm_field_10_container\" class=\"frm_form_field form-field  frm_required_field frm_top_container frm_full\">\r\n\t<label for=\"field_9jv0r12\" id=\"field_9jv0r12_label\" class=\"frm_primary_label\">Mensagem\r\n\t\t<span class=\"frm_required\" aria-hidden=\"true\">*<\/span>\r\n\t<\/label>\r\n\t<textarea name=\"item_meta[10]\" id=\"field_9jv0r12\" rows=\"5\"  data-reqmsg=\"Mensagem no puede estar en blanco.\" aria-required=\"true\" data-invmsg=\"Mensagem no es v\u00e1lido\" aria-invalid=\"false\"  ><\/textarea>\r\n\t\r\n\t\r\n<\/div>\n<div id=\"frm_field_11_container\" class=\"frm_form_field form-field  frm_none_container\">\n\t<label for=\"g-recaptcha-response\" id=\"field_83ro5_label\" class=\"frm_primary_label\">Captcha\n\t\t<span class=\"frm_required\" aria-hidden=\"true\"><\/span>\n\t<\/label>\n\t<div  id=\"field_83ro5\" class=\"frm-g-recaptcha\" data-sitekey=\"6LdtjlkrAAAAALgGPNYij_80oJzsUGE5XWJvUyyc\" data-size=\"invisible\" data-theme=\"light\"><\/div>\n\t\n\t\n<\/div>\n<div id=\"frm_field_12_container\" class=\"frm_form_field form-field \">\n\t<div class=\"frm_submit frm_flex\">\r\n<button class=\"frm_button_submit\" type=\"submit\"  >Enviar<\/button>\r\n\r\n\r\n\r\n<\/div>\n<\/div>\n\t<input type=\"hidden\" name=\"item_key\" value=\"\" \/>\n\t\t\t<div id=\"frm_field_13_container\">\n\t\t\t<label for=\"field_v199q\" >\n\t\t\t\tSi eres humano, deja este campo en blanco.\t\t\t<\/label>\n\t\t\t<input  id=\"field_v199q\" type=\"text\" class=\"frm_form_field form-field frm_verify\" name=\"item_meta[13]\" value=\"\"  \/>\n\t\t<\/div>\n\t\t<input name=\"frm_state\" type=\"hidden\" value=\"J5Ay8xu1dYDq7MLx3GV8mvkH\/iFBf\/gxq8o6cLR3yzk=\" \/><\/div>\n<\/fieldset>\n<\/div>\n\n<\/form>\n<\/div>\n\n<p>[\/et_pb_text][\/et_pb_column][et_pb_column type=\u00bb1_2&#8243; _builder_version=\u00bb4.27.4&#8243; _module_preset=\u00bbdefault\u00bb background_color=\u00bbrgba(61,58,53,0.91)\u00bb background_image=\u00bbhttps:\/\/unrealattractions.com\/pt\/wp-content\/uploads\/2025\/04\/productos2.jpg\u00bb background_repeat=\u00bbrepeat\u00bb background_blend=\u00bbmultiply\u00bb custom_padding=\u00bb8%|8%|8%|8%|true|true\u00bb global_colors_info=\u00bb{}\u00bb custom_padding__hover=\u00bb|||\u00bb][et_pb_text _builder_version=\u00bb4.27.4&#8243; _module_preset=\u00bbd5501b48-2928-4dc4-9470-7da7e57e9b8f\u00bb text_font=\u00bb&#8211;et_global_heading_font|800|||||||\u00bb text_font_size=\u00bb32px\u00bb header_2_text_color=\u00bb#FFFFFF\u00bb background_layout=\u00bbdark\u00bb custom_margin=\u00bb||30px||false|false\u00bb locked=\u00bboff\u00bb global_colors_info=\u00bb{}\u00bb]<\/p>\n<blockquote>\n<p>CONTATO<\/p>\n<\/blockquote>\n<p>[\/et_pb_text][et_pb_text _builder_version=\u00bb4.27.4&#8243; _module_preset=\u00bb7aa0e267-a2cf-4a61-aab5-736e17a31515&#8243; header_4_text_color=\u00bbgcid-b247d7e9-2bbc-48fc-81a8-3cd1da3da572&#8243; custom_padding=\u00bb1px|||||\u00bb locked=\u00bboff\u00bb global_colors_info=\u00bb{%22gcid-b247d7e9-2bbc-48fc-81a8-3cd1da3da572%22:%91%22header_4_text_color%22%93}\u00bb][\/et_pb_text][et_pb_text _builder_version=\u00bb4.27.4&#8243; _module_preset=\u00bb90f4e8ed-1f19-43a3-a8b6-74b2e4a772c5&#8243; text_text_color=\u00bb#FFFFFF\u00bb link_text_color=\u00bb#FFFFFF\u00bb custom_margin=\u00bb||30px||false|false\u00bb hover_enabled=\u00bb0&#8243; locked=\u00bboff\u00bb global_colors_info=\u00bb{}\u00bb sticky_enabled=\u00bb0&#8243;]<\/p>\n<table border=\"0\" style=\"width: 100%; border-collapse: collapse; border-style: hidden;\">\n<tbody>\n<tr>\n<td style=\"width: 50%;\">\n<h4><strong><span style=\"color: #ace9f1;\">INTERNACIONAL<\/span><\/strong><\/h4>\n<p><a href=\"mailto:info@unrealattractions.com\">info@unrealattractions.com<\/a><br \/>\nSevilha (Espanha)<\/p>\n<h4><strong><span style=\"color: #ace9f1;\">AM\u00c9RICA DO NORTE<\/span><\/strong><\/h4>\n<p><a href=\"mailto:usa@unrealattractions.com\">usa@unrealattractions.com<\/a><br \/>\nKnoxville, TN (EUA)<\/p>\n<h4><span style=\"color: #ace9f1;\"><b>COREIA DO SUL<\/b><\/span><\/h4>\n<h4><a href=\"mailto:korea@unrealattractions.com\" style=\"font-size: 14px;\">korea@unrealattractions.com<\/a><\/h4>\n<p>Seul (Coreia)<\/td>\n<td style=\"width: 50%;\">\n<h4><strong><span style=\"color: #ace9f1;\">FRAN\u00c7A<\/span><\/strong><\/h4>\n<p><a href=\"mailto:france@unrealattractions.com\">france@unrealattractions.com<\/a><br \/>\nAngers (Fran\u00e7a)<\/p>\n<h4><strong><span style=\"color: #ace9f1;\">IT\u00c1LIA<\/span><\/strong><\/h4>\n<p><a href=\"mailto:italIa@unrealattractions.com\">italia@unrealattractions.com<\/a><br \/>\nAncona (It\u00e1lia)<\/p>\n<h4><strong><span style=\"color: #ace9f1;\">PORTUGAL<\/span><\/strong><\/h4>\n<p><a href=\"mailto:portugal@unrealattractions.com\">portugal@unrealattractions.com<\/a><br \/>\nLisboa (Portugal)<\/td>\n<\/tr>\n<\/tbody>\n<\/table>\n<p>&nbsp;[\/et_pb_text][\/et_pb_column][\/et_pb_row][\/et_pb_section]<\/p>\n","protected":false},"excerpt":{"rendered":"<p>PRESENTE EM MAIS DE 80 PA\u00cdSES ESCRITA-NOS<div class=\"frm_forms  with_frm_style frm_style_estilo-de-formidable\" id=\"frm_form_2_container\" >\n<form enctype=\"multipart\/form-data\" method=\"post\" class=\"frm-show-form \" id=\"form_contact-form2\" >\n<div class=\"frm_form_fields \">\n<fieldset>\n<legend class=\"frm_screen_reader\">CONTACTO<\/legend>\r\n\r\n<div class=\"frm_fields_container\">\n<input type=\"hidden\" name=\"frm_action\" value=\"create\" \/>\n<input type=\"hidden\" name=\"form_id\" value=\"2\" \/>\n<input type=\"hidden\" name=\"frm_hide_fields_2\" id=\"frm_hide_fields_2\" value=\"\" \/>\n<input type=\"hidden\" name=\"form_key\" value=\"contact-form2\" \/>\n<input type=\"hidden\" name=\"item_meta[0]\" value=\"\" \/>\n<input type=\"hidden\" id=\"frm_submit_entry_2\" name=\"frm_submit_entry_2\" value=\"afac2de13e\" \/><input type=\"hidden\" name=\"_wp_http_referer\" value=\"\/pt\/wp-json\/wp\/v2\/pages\/243\" \/><div id=\"frm_field_6_container\" class=\"frm_form_field form-field  frm_required_field frm_top_container frm6 frm_first\">\r\n\t<label for=\"field_qh4icy2\" id=\"field_qh4icy2_label\" class=\"frm_primary_label\">Nome\r\n\t\t<span class=\"frm_required\" aria-hidden=\"true\">*<\/span>\r\n\t<\/label>\r\n\t<input type=\"text\" id=\"field_qh4icy2\" name=\"item_meta[6]\" value=\"\"  data-reqmsg=\"Nome no puede estar en blanco.\" aria-required=\"true\" data-invmsg=\"Nome no es v\u00e1lido\" aria-invalid=\"false\"  \/>\r\n\t\r\n\t\r\n<\/div>\n<div id=\"frm_field_7_container\" class=\"frm_form_field form-field  frm_required_field frm_top_container frm6\">\r\n\t<label for=\"field_g3bq8\" id=\"field_g3bq8_label\" class=\"frm_primary_label\">Telefone\r\n\t\t<span class=\"frm_required\" aria-hidden=\"true\">*<\/span>\r\n\t<\/label>\r\n\t<input type=\"text\" id=\"field_g3bq8\" name=\"item_meta[7]\" value=\"\"  data-reqmsg=\"Telefone no puede estar en blanco.\" aria-required=\"true\" data-invmsg=\"Telefone no es v\u00e1lido\" aria-invalid=\"false\"  \/>\r\n\t\r\n\t\r\n<\/div>\n<div id=\"frm_field_8_container\" class=\"frm_form_field form-field  frm_required_field frm_top_container frm_full\">\r\n\t<label for=\"field_29yf4d2\" id=\"field_29yf4d2_label\" class=\"frm_primary_label\">Email\r\n\t\t<span class=\"frm_required\" aria-hidden=\"true\">*<\/span>\r\n\t<\/label>\r\n\t<input type=\"email\" id=\"field_29yf4d2\" name=\"item_meta[8]\" value=\"\"  data-reqmsg=\"Email no puede estar en blanco.\" aria-required=\"true\" data-invmsg=\"Please enter a valid email address\" aria-invalid=\"false\"  \/>\r\n\t\r\n\t\r\n<\/div>\n<div id=\"frm_field_9_container\" class=\"frm_form_field form-field  frm_required_field frm_top_container frm_full\">\r\n\t<label for=\"field_e6lis62\" id=\"field_e6lis62_label\" class=\"frm_primary_label\">Caso\r\n\t\t<span class=\"frm_required\" aria-hidden=\"true\">*<\/span>\r\n\t<\/label>\r\n\t<input type=\"text\" id=\"field_e6lis62\" name=\"item_meta[9]\" value=\"\"  data-reqmsg=\"Caso no puede estar en blanco.\" aria-required=\"true\" data-invmsg=\"Caso no es v\u00e1lido\" aria-invalid=\"false\"  \/>\r\n\t\r\n\t\r\n<\/div>\n<div id=\"frm_field_10_container\" class=\"frm_form_field form-field  frm_required_field frm_top_container frm_full\">\r\n\t<label for=\"field_9jv0r12\" id=\"field_9jv0r12_label\" class=\"frm_primary_label\">Mensagem\r\n\t\t<span class=\"frm_required\" aria-hidden=\"true\">*<\/span>\r\n\t<\/label>\r\n\t<textarea name=\"item_meta[10]\" id=\"field_9jv0r12\" rows=\"5\"  data-reqmsg=\"Mensagem no puede estar en blanco.\" aria-required=\"true\" data-invmsg=\"Mensagem no es v\u00e1lido\" aria-invalid=\"false\"  ><\/textarea>\r\n\t\r\n\t\r\n<\/div>\n<div id=\"frm_field_11_container\" class=\"frm_form_field form-field  frm_none_container\">\n\t<label for=\"g-recaptcha-response\" id=\"field_83ro5_label\" class=\"frm_primary_label\">Captcha\n\t\t<span class=\"frm_required\" aria-hidden=\"true\"><\/span>\n\t<\/label>\n\t<div  id=\"field_83ro5\" class=\"frm-g-recaptcha\" data-sitekey=\"6LdtjlkrAAAAALgGPNYij_80oJzsUGE5XWJvUyyc\" data-size=\"invisible\" data-theme=\"light\"><\/div>\n\t\n\t\n<\/div>\n<div id=\"frm_field_12_container\" class=\"frm_form_field form-field \">\n\t<div class=\"frm_submit frm_flex\">\r\n<button class=\"frm_button_submit\" type=\"submit\"  >Enviar<\/button>\r\n\r\n\r\n\r\n<\/div>\n<\/div>\n\t<input type=\"hidden\" name=\"item_key\" value=\"\" \/>\n\t\t\t<div id=\"frm_field_14_container\">\n\t\t\t<label for=\"field_8h81\" >\n\t\t\t\tSi eres humano, deja este campo en blanco.\t\t\t<\/label>\n\t\t\t<input  id=\"field_8h81\" type=\"text\" class=\"frm_form_field form-field frm_verify\" name=\"item_meta[14]\" value=\"\"  \/>\n\t\t<\/div>\n\t\t<input name=\"frm_state\" type=\"hidden\" value=\"J5Ay8xu1dYDq7MLx3GV8mqOTQNBkpOiV+iB07S+GSfo=\" \/><\/div>\n<\/fieldset>\n<\/div>\n\n<\/form>\n<\/div>\n CONTATO INTERNACIONAL info@unrealattractions.com Sevilha (Espanha) AM\u00c9RICA DO NORTE usa@unrealattractions.com Knoxville, TN (EUA) COREIA DO SUL korea@unrealattractions.com Seul (Coreia) FRAN\u00c7A france@unrealattractions.com Angers (Fran\u00e7a) IT\u00c1LIA italia@unrealattractions.com Ancona (It\u00e1lia) PORTUGAL portugal@unrealattractions.com Lisboa (Portugal) &nbsp;<\/p>\n","protected":false},"author":1,"featured_media":0,"parent":0,"menu_order":0,"comment_status":"closed","ping_status":"closed","template":"","meta":{"_et_pb_use_builder":"on","_et_pb_old_content":"","_et_gb_content_width":"","footnotes":""},"class_list":["post-243","page","type-page","status-publish","hentry"],"yoast_head":"<!-- This site is optimized with the Yoast SEO plugin v25.5 - https:\/\/yoast.com\/wordpress\/plugins\/seo\/ -->\n<title>CONTATO - Unreal Attractions<\/title>\n<meta name=\"robots\" content=\"index, follow, max-snippet:-1, max-image-preview:large, max-video-preview:-1\" \/>\n<link rel=\"canonical\" href=\"https:\/\/unrealattractions.com\/pt\/contato\/\" \/>\n<meta property=\"og:locale\" content=\"es_ES\" \/>\n<meta property=\"og:type\" content=\"article\" \/>\n<meta property=\"og:title\" content=\"CONTATO - Unreal Attractions\" \/>\n<meta property=\"og:description\" content=\"PRESENTE EM MAIS DE 80 PA\u00cdSES ESCRITA-NOS CONTATO INTERNACIONAL info@unrealattractions.com Sevilha (Espanha) AM\u00c9RICA DO NORTE usa@unrealattractions.com Knoxville, TN (EUA) COREIA DO SUL korea@unrealattractions.com Seul (Coreia) FRAN\u00c7A france@unrealattractions.com Angers (Fran\u00e7a) IT\u00c1LIA italia@unrealattractions.com Ancona (It\u00e1lia) PORTUGAL portugal@unrealattractions.com Lisboa (Portugal) &nbsp;\" \/>\n<meta property=\"og:url\" content=\"https:\/\/unrealattractions.com\/pt\/contato\/\" \/>\n<meta property=\"og:site_name\" content=\"Unreal Attractions\" \/>\n<meta property=\"article:modified_time\" content=\"2025-07-18T15:36:24+00:00\" \/>\n<meta name=\"twitter:card\" content=\"summary_large_image\" \/>\n<meta name=\"twitter:label1\" content=\"Tiempo de lectura\" \/>\n\t<meta name=\"twitter:data1\" content=\"3 minutos\" \/>\n<script type=\"application\/ld+json\" class=\"yoast-schema-graph\">{\"@context\":\"https:\/\/schema.org\",\"@graph\":[{\"@type\":\"WebPage\",\"@id\":\"https:\/\/unrealattractions.com\/pt\/contato\/\",\"url\":\"https:\/\/unrealattractions.com\/pt\/contato\/\",\"name\":\"CONTATO - Unreal Attractions\",\"isPartOf\":{\"@id\":\"https:\/\/unrealattractions.com\/pt\/#website\"},\"datePublished\":\"2025-04-24T09:14:52+00:00\",\"dateModified\":\"2025-07-18T15:36:24+00:00\",\"breadcrumb\":{\"@id\":\"https:\/\/unrealattractions.com\/pt\/contato\/#breadcrumb\"},\"inLanguage\":\"es\",\"potentialAction\":[{\"@type\":\"ReadAction\",\"target\":[\"https:\/\/unrealattractions.com\/pt\/contato\/\"]}]},{\"@type\":\"BreadcrumbList\",\"@id\":\"https:\/\/unrealattractions.com\/pt\/contato\/#breadcrumb\",\"itemListElement\":[{\"@type\":\"ListItem\",\"position\":1,\"name\":\"Portada\",\"item\":\"https:\/\/unrealattractions.com\/pt\/\"},{\"@type\":\"ListItem\",\"position\":2,\"name\":\"CONTATO\"}]},{\"@type\":\"WebSite\",\"@id\":\"https:\/\/unrealattractions.com\/pt\/#website\",\"url\":\"https:\/\/unrealattractions.com\/pt\/\",\"name\":\"Unreal Attractions\",\"description\":\"\",\"potentialAction\":[{\"@type\":\"SearchAction\",\"target\":{\"@type\":\"EntryPoint\",\"urlTemplate\":\"https:\/\/unrealattractions.com\/pt\/?s={search_term_string}\"},\"query-input\":{\"@type\":\"PropertyValueSpecification\",\"valueRequired\":true,\"valueName\":\"search_term_string\"}}],\"inLanguage\":\"es\"}]}<\/script>\n<!-- \/ Yoast SEO plugin. -->","yoast_head_json":{"title":"CONTATO - Unreal Attractions","robots":{"index":"index","follow":"follow","max-snippet":"max-snippet:-1","max-image-preview":"max-image-preview:large","max-video-preview":"max-video-preview:-1"},"canonical":"https:\/\/unrealattractions.com\/pt\/contato\/","og_locale":"es_ES","og_type":"article","og_title":"CONTATO - Unreal Attractions","og_description":"PRESENTE EM MAIS DE 80 PA\u00cdSES ESCRITA-NOS CONTATO INTERNACIONAL info@unrealattractions.com Sevilha (Espanha) AM\u00c9RICA DO NORTE usa@unrealattractions.com Knoxville, TN (EUA) COREIA DO SUL korea@unrealattractions.com Seul (Coreia) FRAN\u00c7A france@unrealattractions.com Angers (Fran\u00e7a) IT\u00c1LIA italia@unrealattractions.com Ancona (It\u00e1lia) PORTUGAL portugal@unrealattractions.com Lisboa (Portugal) &nbsp;","og_url":"https:\/\/unrealattractions.com\/pt\/contato\/","og_site_name":"Unreal Attractions","article_modified_time":"2025-07-18T15:36:24+00:00","twitter_card":"summary_large_image","twitter_misc":{"Tiempo de lectura":"3 minutos"},"schema":{"@context":"https:\/\/schema.org","@graph":[{"@type":"WebPage","@id":"https:\/\/unrealattractions.com\/pt\/contato\/","url":"https:\/\/unrealattractions.com\/pt\/contato\/","name":"CONTATO - Unreal Attractions","isPartOf":{"@id":"https:\/\/unrealattractions.com\/pt\/#website"},"datePublished":"2025-04-24T09:14:52+00:00","dateModified":"2025-07-18T15:36:24+00:00","breadcrumb":{"@id":"https:\/\/unrealattractions.com\/pt\/contato\/#breadcrumb"},"inLanguage":"es","potentialAction":[{"@type":"ReadAction","target":["https:\/\/unrealattractions.com\/pt\/contato\/"]}]},{"@type":"BreadcrumbList","@id":"https:\/\/unrealattractions.com\/pt\/contato\/#breadcrumb","itemListElement":[{"@type":"ListItem","position":1,"name":"Portada","item":"https:\/\/unrealattractions.com\/pt\/"},{"@type":"ListItem","position":2,"name":"CONTATO"}]},{"@type":"WebSite","@id":"https:\/\/unrealattractions.com\/pt\/#website","url":"https:\/\/unrealattractions.com\/pt\/","name":"Unreal Attractions","description":"","potentialAction":[{"@type":"SearchAction","target":{"@type":"EntryPoint","urlTemplate":"https:\/\/unrealattractions.com\/pt\/?s={search_term_string}"},"query-input":{"@type":"PropertyValueSpecification","valueRequired":true,"valueName":"search_term_string"}}],"inLanguage":"es"}]}},"_links":{"self":[{"href":"https:\/\/unrealattractions.com\/pt\/wp-json\/wp\/v2\/pages\/243","targetHints":{"allow":["GET"]}}],"collection":[{"href":"https:\/\/unrealattractions.com\/pt\/wp-json\/wp\/v2\/pages"}],"about":[{"href":"https:\/\/unrealattractions.com\/pt\/wp-json\/wp\/v2\/types\/page"}],"author":[{"embeddable":true,"href":"https:\/\/unrealattractions.com\/pt\/wp-json\/wp\/v2\/users\/1"}],"replies":[{"embeddable":true,"href":"https:\/\/unrealattractions.com\/pt\/wp-json\/wp\/v2\/comments?post=243"}],"version-history":[{"count":4,"href":"https:\/\/unrealattractions.com\/pt\/wp-json\/wp\/v2\/pages\/243\/revisions"}],"predecessor-version":[{"id":756,"href":"https:\/\/unrealattractions.com\/pt\/wp-json\/wp\/v2\/pages\/243\/revisions\/756"}],"wp:attachment":[{"href":"https:\/\/unrealattractions.com\/pt\/wp-json\/wp\/v2\/media?parent=243"}],"curies":[{"name":"wp","href":"https:\/\/api.w.org\/{rel}","templated":true}]}}