{"id":201,"date":"2025-04-04T17:23:44","date_gmt":"2025-04-04T15:23:44","guid":{"rendered":"http:\/\/unrealattractions.com\/?page_id=201"},"modified":"2025-07-18T17:02:32","modified_gmt":"2025-07-18T15:02:32","slug":"unreal-heads","status":"publish","type":"page","link":"https:\/\/unrealattractions.com\/pt\/unreal-heads\/","title":{"rendered":"UNREAL HEADS"},"content":{"rendered":"<p>[et_pb_section fb_built=\u00bb1&#8243; admin_label=\u00bbHeader\u00bb _builder_version=\u00bb4.27.4&#8243; _module_preset=\u00bbdefault\u00bb background_color=\u00bbRGBA(255,255,255,0)\u00bb use_background_color_gradient=\u00bbon\u00bb background_color_gradient_direction=\u00bb120deg\u00bb background_color_gradient_stops=\u00bb#3ca5bc 0%|rgba(0,0,0,0) 66%\u00bb background_color_gradient_overlays_image=\u00bbon\u00bb background_image=\u00bbhttps:\/\/unrealattractions.com\/pt\/wp-content\/uploads\/2025\/05\/productoback66.jpg\u00bb custom_padding=\u00bb10vw||10vw||true|false\u00bb locked=\u00bboff\u00bb collapsed=\u00bbon\u00bb global_colors_info=\u00bb{}\u00bb][et_pb_row _builder_version=\u00bb4.24.3&#8243; _module_preset=\u00bbdefault\u00bb width=\u00bb50%\u00bb width_tablet=\u00bb80%\u00bb width_phone=\u00bb80%\u00bb width_last_edited=\u00bbon|desktop\u00bb max_width=\u00bbnone\u00bb global_colors_info=\u00bb{}\u00bb][et_pb_column type=\u00bb4_4&#8243; _builder_version=\u00bb4.24.3&#8243; _module_preset=\u00bbdefault\u00bb global_colors_info=\u00bb{}\u00bb][et_pb_text _builder_version=\u00bb4.27.4&#8243; _module_preset=\u00bb56970789-4f8b-411f-9181-45bcb3302d0a\u00bb text_font_size=\u00bb20px\u00bb text_orientation=\u00bbcenter\u00bb custom_margin=\u00bb||26px|||\u00bb text_text_shadow_style=\u00bbpreset1&#8243; text_text_shadow_horizontal_length=\u00bb0.1em\u00bb locked=\u00bboff\u00bb global_colors_info=\u00bb{}\u00bb]<\/p>\n<p style=\"font-size: 30px; text-align: center;\"><span style=\"color: #ffffff;\">UNREAL ATTRACTIONS<\/span><\/p>\n<p>[\/et_pb_text][et_pb_text _builder_version=\u00bb4.27.4&#8243; _module_preset=\u00bb56970789-4f8b-411f-9181-45bcb3302d0a\u00bb text_font_size=\u00bb20px\u00bb text_orientation=\u00bbcenter\u00bb custom_margin=\u00bb||26px|||\u00bb text_text_shadow_style=\u00bbpreset1&#8243; text_text_shadow_horizontal_length=\u00bb0.1em\u00bb global_colors_info=\u00bb{}\u00bb]<\/p>\n<h1 style=\"font-size: 60px; text-align: center;\"><span style=\"color: #ffffff;\"><b>UNREAL HEADS<\/b><\/span><\/h1>\n<p>[\/et_pb_text][\/et_pb_column][\/et_pb_row][\/et_pb_section][et_pb_section fb_built=\u00bb1&#8243; admin_label=\u00bbVideo\u00bb _builder_version=\u00bb4.27.4&#8243; _module_preset=\u00bbdefault\u00bb background_color=\u00bbRGBA(255,255,255,0)\u00bb background_image=\u00bbhttp:\/\/unrealattractions.com\/wp-content\/uploads\/2025\/04\/back1-scaled-5-scaled.jpg\u00bb background_position=\u00bbtop_center\u00bb background_vertical_offset=\u00bb7%\u00bb locked=\u00bboff\u00bb collapsed=\u00bbon\u00bb global_colors_info=\u00bb{}\u00bb][et_pb_row column_structure=\u00bb1_2,1_6,1_6,1_6&#8243; _builder_version=\u00bb4.24.3&#8243; _module_preset=\u00bbdefault\u00bb max_width=\u00bbnone\u00bb global_colors_info=\u00bb{}\u00bb][et_pb_column type=\u00bb1_2&#8243; _builder_version=\u00bb4.24.3&#8243; _module_preset=\u00bbdefault\u00bb global_colors_info=\u00bb{}\u00bb][et_pb_heading title=\u00bbNossas marcas\u00bb _builder_version=\u00bb4.27.4&#8243; _module_preset=\u00bb6a651052-f2ee-4d6e-895f-f978c7462446&#8243; title_level=\u00bbh4&#8243; title_text_color=\u00bb#00cae5&#8243; title_font_size=\u00bb23px\u00bb hover_enabled=\u00bb0&#8243; global_colors_info=\u00bb{%22gcid-3e93bdc5-146d-448e-a761-9f1b4dd51113%22:%91%22link_text_color%22,%22quote_border_color%22,%22title_text_color%22%93,%22gcid-c7d8f091-13fc-48ff-a161-01fd58ed72d5%22:%91%22quote_text_color%22,%22quote_text_color%22%93}\u00bb sticky_enabled=\u00bb0&#8243;][\/et_pb_heading][et_pb_heading title=\u00bbFood trucks UNREAL HEADS\u00bb _builder_version=\u00bb4.27.4&#8243; _module_preset=\u00bb6a651052-f2ee-4d6e-895f-f978c7462446&#8243; title_font=\u00bb|700|||||||\u00bb title_text_color=\u00bbrgba(0,0,0,0.69)\u00bb title_font_size=\u00bb3vw\u00bb hover_enabled=\u00bb0&#8243; global_colors_info=\u00bb{%22gcid-3e93bdc5-146d-448e-a761-9f1b4dd51113%22:%91%22link_text_color%22,%22quote_border_color%22%93,%22gcid-c7d8f091-13fc-48ff-a161-01fd58ed72d5%22:%91%22quote_text_color%22,%22quote_text_color%22%93}\u00bb sticky_enabled=\u00bb0&#8243;][\/et_pb_heading][et_pb_text _builder_version=\u00bb4.27.4&#8243; _module_preset=\u00bbdefault\u00bb hover_enabled=\u00bb0&#8243; global_colors_info=\u00bb{}\u00bb sticky_enabled=\u00bb0&#8243;]<\/p>\n<p>A Unreal Heads oferece os caminh\u00f5es de alimentos mais originais para seus eventos. Dois modelos dispon\u00edveis:<br \/>1) Catrina: Ideal para ser usado como um bar de coquet\u00e9is, tequila ou para servir comida mexicana.<br \/>2) Sr. Beer: Este modelo foi projetado para oferecer garrafas de cerveja aos seus clientes.<\/p>\n<p>Ele traz um ponto original e divertido para suas idades com cabe\u00e7as irreais, sejam casamentos, feiras, eventos de neg\u00f3cios, etc &#8230;<\/p>\n<p>[\/et_pb_text][et_pb_button button_url=\u00bbmailto:info@unrealattractions.com?subject=Presupuesto%20Unreal%20Heads\u00bb button_text=\u00bbOR\u00c7AMENTO\u00bb button_alignment=\u00bbcenter\u00bb _builder_version=\u00bb4.27.4&#8243; _module_preset=\u00bbdefault\u00bb custom_button=\u00bbon\u00bb button_text_size=\u00bb14px\u00bb button_text_color=\u00bbrgba(0,0,0,0.68)\u00bb button_bg_color=\u00bb#FFFFFF\u00bb button_border_width=\u00bb9px\u00bb button_border_color=\u00bb#FFFFFF\u00bb button_border_radius=\u00bb30px\u00bb button_font=\u00bb||||||||\u00bb button_use_icon=\u00bboff\u00bb global_colors_info=\u00bb{}\u00bb locked=\u00bboff\u00bb][\/et_pb_button][\/et_pb_column][et_pb_column type=\u00bb1_6&#8243; _builder_version=\u00bb4.24.3&#8243; _module_preset=\u00bbdefault\u00bb global_colors_info=\u00bb{}\u00bb][et_pb_divider show_divider=\u00bboff\u00bb _builder_version=\u00bb4.27.4&#8243; _module_preset=\u00bbdefault\u00bb custom_margin=\u00bb30px||||false|false\u00bb global_colors_info=\u00bb{}\u00bb][\/et_pb_divider][et_pb_icon font_icon=\u00bb&#xf209;||fa||400&#8243; icon_color=\u00bbrgba(0,0,0,0.7)\u00bb icon_width=\u00bb60px\u00bb _builder_version=\u00bb4.27.4&#8243; _module_preset=\u00bbdefault\u00bb global_colors_info=\u00bb{}\u00bb][\/et_pb_icon][et_pb_text _builder_version=\u00bb4.27.4&#8243; _module_preset=\u00bbdefault\u00bb custom_margin=\u00bb-10px||||false|false\u00bb custom_padding=\u00bb||||false|false\u00bb hover_enabled=\u00bb0&#8243; global_colors_info=\u00bb{}\u00bb sticky_enabled=\u00bb0&#8243;]<\/p>\n<h3 style=\"text-align: center;\"><strong>Original e divertido<\/strong><\/h3>\n<p>[\/et_pb_text][et_pb_divider show_divider=\u00bboff\u00bb _builder_version=\u00bb4.27.4&#8243; _module_preset=\u00bbdefault\u00bb custom_margin=\u00bb30px||||false|false\u00bb global_colors_info=\u00bb{}\u00bb][\/et_pb_divider][\/et_pb_column][et_pb_column type=\u00bb1_6&#8243; _builder_version=\u00bb4.24.3&#8243; _module_preset=\u00bbdefault\u00bb global_colors_info=\u00bb{}\u00bb][et_pb_divider show_divider=\u00bboff\u00bb _builder_version=\u00bb4.27.4&#8243; _module_preset=\u00bbdefault\u00bb custom_margin=\u00bb30px||||false|false\u00bb global_colors_info=\u00bb{}\u00bb][\/et_pb_divider][et_pb_icon font_icon=\u00bb&#xf2e7;||fa||900&#8243; icon_color=\u00bbrgba(0,0,0,0.7)\u00bb icon_width=\u00bb60px\u00bb _builder_version=\u00bb4.27.4&#8243; _module_preset=\u00bbdefault\u00bb global_colors_info=\u00bb{}\u00bb][\/et_pb_icon][et_pb_text _builder_version=\u00bb4.27.4&#8243; _module_preset=\u00bbdefault\u00bb custom_margin=\u00bb-10px||||false|false\u00bb custom_padding=\u00bb||||false|false\u00bb locked=\u00bboff\u00bb global_colors_info=\u00bb{}\u00bb]<\/p>\n<h3 style=\"text-align: center;\"><strong>2 MODELOS<\/strong><\/h3>\n<p>[\/et_pb_text][\/et_pb_column][et_pb_column type=\u00bb1_6&#8243; _builder_version=\u00bb4.24.3&#8243; _module_preset=\u00bbdefault\u00bb global_colors_info=\u00bb{}\u00bb][et_pb_divider show_divider=\u00bboff\u00bb _builder_version=\u00bb4.27.4&#8243; _module_preset=\u00bbdefault\u00bb custom_margin=\u00bb30px||||false|false\u00bb global_colors_info=\u00bb{}\u00bb][\/et_pb_divider][et_pb_icon font_icon=\u00bb&#xe08b;||divi||400&#8243; icon_color=\u00bbrgba(0,0,0,0.7)\u00bb icon_width=\u00bb60px\u00bb _builder_version=\u00bb4.27.4&#8243; _module_preset=\u00bbdefault\u00bb global_colors_info=\u00bb{}\u00bb][\/et_pb_icon][et_pb_text _builder_version=\u00bb4.27.4&#8243; _module_preset=\u00bbdefault\u00bb custom_margin=\u00bb-10px||||false|false\u00bb custom_padding=\u00bb||||false|false\u00bb hover_enabled=\u00bb0&#8243; locked=\u00bboff\u00bb global_colors_info=\u00bb{}\u00bb sticky_enabled=\u00bb0&#8243;]<\/p>\n<h3 style=\"text-align: center;\"><strong>Todos os tipos de eventos<\/strong><\/h3>\n<p>[\/et_pb_text][\/et_pb_column][\/et_pb_row][\/et_pb_section][et_pb_section fb_built=\u00bb1&#8243; _builder_version=\u00bb4.27.4&#8243; _module_preset=\u00bbdefault\u00bb global_colors_info=\u00bb{}\u00bb][et_pb_row column_structure=\u00bb1_3,1_3,1_3&#8243; _builder_version=\u00bb4.27.4&#8243; _module_preset=\u00bbdefault\u00bb width=\u00bb100%\u00bb max_width=\u00bb1920px\u00bb module_alignment=\u00bbcenter\u00bb global_colors_info=\u00bb{}\u00bb][et_pb_column type=\u00bb1_3&#8243; _builder_version=\u00bb4.27.4&#8243; _module_preset=\u00bbdefault\u00bb global_colors_info=\u00bb{}\u00bb][et_pb_image src=\u00bbhttps:\/\/unrealattractions.com\/pt\/wp-content\/uploads\/2025\/05\/heads3.jpg\u00bb title_text=\u00bbheads3&#8243; _builder_version=\u00bb4.27.4&#8243; _module_preset=\u00bbdefault\u00bb global_colors_info=\u00bb{}\u00bb][\/et_pb_image][et_pb_image src=\u00bbhttps:\/\/unrealattractions.com\/pt\/wp-content\/uploads\/2025\/05\/heads4.jpg\u00bb title_text=\u00bbheads4&#8243; _builder_version=\u00bb4.27.4&#8243; _module_preset=\u00bbdefault\u00bb global_colors_info=\u00bb{}\u00bb][\/et_pb_image][\/et_pb_column][et_pb_column type=\u00bb1_3&#8243; _builder_version=\u00bb4.27.4&#8243; _module_preset=\u00bbdefault\u00bb global_colors_info=\u00bb{}\u00bb][et_pb_image src=\u00bbhttps:\/\/unrealattractions.com\/pt\/wp-content\/uploads\/2025\/05\/heads1.jpg\u00bb title_text=\u00bbheads1&#8243; _builder_version=\u00bb4.27.4&#8243; _module_preset=\u00bbdefault\u00bb global_colors_info=\u00bb{}\u00bb][\/et_pb_image][et_pb_image src=\u00bbhttps:\/\/unrealattractions.com\/pt\/wp-content\/uploads\/2025\/05\/heads5.jpg\u00bb title_text=\u00bbheads5&#8243; _builder_version=\u00bb4.27.4&#8243; _module_preset=\u00bbdefault\u00bb global_colors_info=\u00bb{}\u00bb][\/et_pb_image][\/et_pb_column][et_pb_column type=\u00bb1_3&#8243; _builder_version=\u00bb4.27.4&#8243; _module_preset=\u00bbdefault\u00bb global_colors_info=\u00bb{}\u00bb][et_pb_image src=\u00bbhttps:\/\/unrealattractions.com\/pt\/wp-content\/uploads\/2025\/05\/heads6.jpg\u00bb title_text=\u00bbheads6&#8243; _builder_version=\u00bb4.27.4&#8243; _module_preset=\u00bbdefault\u00bb global_colors_info=\u00bb{}\u00bb][\/et_pb_image][et_pb_image src=\u00bbhttps:\/\/unrealattractions.com\/pt\/wp-content\/uploads\/2025\/05\/heads2.jpg\u00bb title_text=\u00bbheads2&#8243; _builder_version=\u00bb4.27.4&#8243; _module_preset=\u00bbdefault\u00bb global_colors_info=\u00bb{}\u00bb][\/et_pb_image][\/et_pb_column][\/et_pb_row][\/et_pb_section]<\/p>\n","protected":false},"excerpt":{"rendered":"<p>UNREAL ATTRACTIONSUNREAL HEADSA Unreal Heads oferece os caminh\u00f5es de alimentos mais originais para seus eventos. Dois modelos dispon\u00edveis:1) Catrina: Ideal para ser usado como um bar de coquet\u00e9is, tequila ou para servir comida mexicana.2) Sr. Beer: Este modelo foi projetado para oferecer garrafas de cerveja aos seus clientes. Ele traz um ponto original e divertido [&hellip;]<\/p>\n","protected":false},"author":1,"featured_media":0,"parent":0,"menu_order":0,"comment_status":"closed","ping_status":"closed","template":"","meta":{"_et_pb_use_builder":"on","_et_pb_old_content":"<!-- wp:divi\/placeholder \/-->","_et_gb_content_width":"","footnotes":""},"class_list":["post-201","page","type-page","status-publish","hentry"],"yoast_head":"<!-- This site is optimized with the Yoast SEO plugin v25.5 - https:\/\/yoast.com\/wordpress\/plugins\/seo\/ -->\n<title>UNREAL HEADS - Unreal Attractions<\/title>\n<meta name=\"robots\" content=\"index, follow, max-snippet:-1, max-image-preview:large, max-video-preview:-1\" \/>\n<link rel=\"canonical\" href=\"https:\/\/unrealattractions.com\/pt\/unreal-heads\/\" \/>\n<meta property=\"og:locale\" content=\"es_ES\" \/>\n<meta property=\"og:type\" content=\"article\" \/>\n<meta property=\"og:title\" content=\"UNREAL HEADS - Unreal Attractions\" \/>\n<meta property=\"og:description\" content=\"UNREAL ATTRACTIONSUNREAL HEADSA Unreal Heads oferece os caminh\u00f5es de alimentos mais originais para seus eventos. Dois modelos dispon\u00edveis:1) Catrina: Ideal para ser usado como um bar de coquet\u00e9is, tequila ou para servir comida mexicana.2) Sr. Beer: Este modelo foi projetado para oferecer garrafas de cerveja aos seus clientes. Ele traz um ponto original e divertido [&hellip;]\" \/>\n<meta property=\"og:url\" content=\"https:\/\/unrealattractions.com\/pt\/unreal-heads\/\" \/>\n<meta property=\"og:site_name\" content=\"Unreal Attractions\" \/>\n<meta property=\"article:modified_time\" content=\"2025-07-18T15:02:32+00:00\" \/>\n<meta name=\"twitter:card\" content=\"summary_large_image\" \/>\n<meta name=\"twitter:label1\" content=\"Tiempo de lectura\" \/>\n\t<meta name=\"twitter:data1\" content=\"6 minutos\" \/>\n<script type=\"application\/ld+json\" class=\"yoast-schema-graph\">{\"@context\":\"https:\/\/schema.org\",\"@graph\":[{\"@type\":\"WebPage\",\"@id\":\"https:\/\/unrealattractions.com\/pt\/unreal-heads\/\",\"url\":\"https:\/\/unrealattractions.com\/pt\/unreal-heads\/\",\"name\":\"UNREAL HEADS - Unreal Attractions\",\"isPartOf\":{\"@id\":\"https:\/\/unrealattractions.com\/pt\/#website\"},\"datePublished\":\"2025-04-04T15:23:44+00:00\",\"dateModified\":\"2025-07-18T15:02:32+00:00\",\"breadcrumb\":{\"@id\":\"https:\/\/unrealattractions.com\/pt\/unreal-heads\/#breadcrumb\"},\"inLanguage\":\"es\",\"potentialAction\":[{\"@type\":\"ReadAction\",\"target\":[\"https:\/\/unrealattractions.com\/pt\/unreal-heads\/\"]}]},{\"@type\":\"BreadcrumbList\",\"@id\":\"https:\/\/unrealattractions.com\/pt\/unreal-heads\/#breadcrumb\",\"itemListElement\":[{\"@type\":\"ListItem\",\"position\":1,\"name\":\"Portada\",\"item\":\"https:\/\/unrealattractions.com\/pt\/\"},{\"@type\":\"ListItem\",\"position\":2,\"name\":\"UNREAL HEADS\"}]},{\"@type\":\"WebSite\",\"@id\":\"https:\/\/unrealattractions.com\/pt\/#website\",\"url\":\"https:\/\/unrealattractions.com\/pt\/\",\"name\":\"Unreal Attractions\",\"description\":\"\",\"potentialAction\":[{\"@type\":\"SearchAction\",\"target\":{\"@type\":\"EntryPoint\",\"urlTemplate\":\"https:\/\/unrealattractions.com\/pt\/?s={search_term_string}\"},\"query-input\":{\"@type\":\"PropertyValueSpecification\",\"valueRequired\":true,\"valueName\":\"search_term_string\"}}],\"inLanguage\":\"es\"}]}<\/script>\n<!-- \/ Yoast SEO plugin. -->","yoast_head_json":{"title":"UNREAL HEADS - Unreal Attractions","robots":{"index":"index","follow":"follow","max-snippet":"max-snippet:-1","max-image-preview":"max-image-preview:large","max-video-preview":"max-video-preview:-1"},"canonical":"https:\/\/unrealattractions.com\/pt\/unreal-heads\/","og_locale":"es_ES","og_type":"article","og_title":"UNREAL HEADS - Unreal Attractions","og_description":"UNREAL ATTRACTIONSUNREAL HEADSA Unreal Heads oferece os caminh\u00f5es de alimentos mais originais para seus eventos. Dois modelos dispon\u00edveis:1) Catrina: Ideal para ser usado como um bar de coquet\u00e9is, tequila ou para servir comida mexicana.2) Sr. Beer: Este modelo foi projetado para oferecer garrafas de cerveja aos seus clientes. Ele traz um ponto original e divertido [&hellip;]","og_url":"https:\/\/unrealattractions.com\/pt\/unreal-heads\/","og_site_name":"Unreal Attractions","article_modified_time":"2025-07-18T15:02:32+00:00","twitter_card":"summary_large_image","twitter_misc":{"Tiempo de lectura":"6 minutos"},"schema":{"@context":"https:\/\/schema.org","@graph":[{"@type":"WebPage","@id":"https:\/\/unrealattractions.com\/pt\/unreal-heads\/","url":"https:\/\/unrealattractions.com\/pt\/unreal-heads\/","name":"UNREAL HEADS - Unreal Attractions","isPartOf":{"@id":"https:\/\/unrealattractions.com\/pt\/#website"},"datePublished":"2025-04-04T15:23:44+00:00","dateModified":"2025-07-18T15:02:32+00:00","breadcrumb":{"@id":"https:\/\/unrealattractions.com\/pt\/unreal-heads\/#breadcrumb"},"inLanguage":"es","potentialAction":[{"@type":"ReadAction","target":["https:\/\/unrealattractions.com\/pt\/unreal-heads\/"]}]},{"@type":"BreadcrumbList","@id":"https:\/\/unrealattractions.com\/pt\/unreal-heads\/#breadcrumb","itemListElement":[{"@type":"ListItem","position":1,"name":"Portada","item":"https:\/\/unrealattractions.com\/pt\/"},{"@type":"ListItem","position":2,"name":"UNREAL HEADS"}]},{"@type":"WebSite","@id":"https:\/\/unrealattractions.com\/pt\/#website","url":"https:\/\/unrealattractions.com\/pt\/","name":"Unreal Attractions","description":"","potentialAction":[{"@type":"SearchAction","target":{"@type":"EntryPoint","urlTemplate":"https:\/\/unrealattractions.com\/pt\/?s={search_term_string}"},"query-input":{"@type":"PropertyValueSpecification","valueRequired":true,"valueName":"search_term_string"}}],"inLanguage":"es"}]}},"_links":{"self":[{"href":"https:\/\/unrealattractions.com\/pt\/wp-json\/wp\/v2\/pages\/201","targetHints":{"allow":["GET"]}}],"collection":[{"href":"https:\/\/unrealattractions.com\/pt\/wp-json\/wp\/v2\/pages"}],"about":[{"href":"https:\/\/unrealattractions.com\/pt\/wp-json\/wp\/v2\/types\/page"}],"author":[{"embeddable":true,"href":"https:\/\/unrealattractions.com\/pt\/wp-json\/wp\/v2\/users\/1"}],"replies":[{"embeddable":true,"href":"https:\/\/unrealattractions.com\/pt\/wp-json\/wp\/v2\/comments?post=201"}],"version-history":[{"count":1,"href":"https:\/\/unrealattractions.com\/pt\/wp-json\/wp\/v2\/pages\/201\/revisions"}],"predecessor-version":[{"id":748,"href":"https:\/\/unrealattractions.com\/pt\/wp-json\/wp\/v2\/pages\/201\/revisions\/748"}],"wp:attachment":[{"href":"https:\/\/unrealattractions.com\/pt\/wp-json\/wp\/v2\/media?parent=201"}],"curies":[{"name":"wp","href":"https:\/\/api.w.org\/{rel}","templated":true}]}}