{"id":590,"date":"2025-06-08T14:13:44","date_gmt":"2025-06-08T12:13:44","guid":{"rendered":"https:\/\/unrealattractions.com\/es\/?page_id=590"},"modified":"2025-06-09T14:02:11","modified_gmt":"2025-06-09T12:02:11","slug":"aviso-legal","status":"publish","type":"page","link":"https:\/\/unrealattractions.com\/es\/aviso-legal\/","title":{"rendered":"AVISO LEGAL"},"content":{"rendered":"<p>[et_pb_section fb_built=\u00bb1&#8243; _builder_version=\u00bb4.27.4&#8243; _module_preset=\u00bbdefault\u00bb global_colors_info=\u00bb{}\u00bb][et_pb_row _builder_version=\u00bb4.27.4&#8243; _module_preset=\u00bbdefault\u00bb global_colors_info=\u00bb{}\u00bb][et_pb_column type=\u00bb4_4&#8243; _builder_version=\u00bb4.27.4&#8243; _module_preset=\u00bbdefault\u00bb global_colors_info=\u00bb{}\u00bb][et_pb_text _builder_version=\u00bb4.27.4&#8243; _module_preset=\u00bbdefault\u00bb locked=\u00bboff\u00bb global_colors_info=\u00bb{}\u00bb]<\/p>\n<h1 style=\"text-align: center;\"><span><b>AVISO LEGAL<\/b><\/span><\/h1>\n<p><span><b><\/b><\/span><\/p>\n<p><span><b><\/b><\/span><\/p>\n<ol>\n<li value=\"1\">\n<p align=\"justify\"><span><b>Datos del responsable<\/b><\/span><\/p>\n<\/li>\n<\/ol>\n<p class=\"western\" align=\"justify\"><span>En cumplimiento del art\u00edculo 10 de la Ley 34\/2002, de 11 de julio, de Servicios de la Sociedad de la Informaci\u00f3n y Comercio Electr\u00f3nico, a continuaci\u00f3n, se exponen los datos identificativos del responsable.<\/span><\/p>\n<p class=\"western\" align=\"justify\"><span>Denominaci\u00f3n social<\/span><span><span lang=\"en-GB\">:\u00a0<\/span><\/span><span><span lang=\"en-GB\"><b>UNREAL ISLAND S.L.<\/b><\/span><\/span><\/p>\n<p class=\"western\" align=\"justify\"><span>C.I.F.\/N.I.F.: B90099292\u00a0<\/span><\/p>\n<p class=\"western\" align=\"justify\"><span>Domicilio Social: <strong>C \/ Valdes Leal 8. 41940 Tomares (Sevilla).<\/strong><\/span><\/p>\n<p class=\"western\" align=\"justify\"><span>Correo electr\u00f3nico:<strong> info@unrealattractions.com<\/strong><\/span><\/p>\n<ol start=\"2\">\n<li>\n<p align=\"justify\"><span><b>Propiedad intelectual<\/b><\/span><\/p>\n<\/li>\n<\/ol>\n<p class=\"western\" align=\"justify\"><span>El c\u00f3digo fuente, los dise\u00f1os gr\u00e1ficos, las im\u00e1genes, las fotograf\u00edas, los sonidos, las animaciones, el software, los textos, as\u00ed como la informaci\u00f3n y los contenidos que se recogen en el presente sitio web est\u00e1n protegidos por la legislaci\u00f3n espa\u00f1ola sobre los derechos de propiedad intelectual e industrial a favor de UNREAL ISLAND SL<\/span><span> y no se permite la reproducci\u00f3n y\/o publicaci\u00f3n, total o parcial, del sitio web, ni su tratamiento inform\u00e1tico, su distribuci\u00f3n, su difusi\u00f3n, ni su modificaci\u00f3n, transformaci\u00f3n o descompilaci\u00f3n, ni dem\u00e1s derechos reconocidos legalmente a su titular, sin el permiso previo y por escrito del mismo UNREAL ISLAND <\/span><span>SL.<\/span><\/p>\n<p class=\"western\" align=\"justify\"><span>El usuario\/a, \u00fanica y exclusivamente, puede utilizar el material que aparezca en este sitio web para su uso personal y privado, quedando prohibido su uso con fines comerciales o para incurrir en actividades il\u00edcitas. Todos los derechos derivados de la propiedad intelectual est\u00e1n expresamente reservados por UNREAL ISLAND SL<\/span><span>.<\/span><\/p>\n<p class=\"western\" align=\"justify\"><span>UNREAL ISLAND SL velar\u00e1 tanto por el cumplimiento de las anteriores condiciones como por la debida utilizaci\u00f3n de los contenidos presentados en sus p\u00e1ginas web, ejercit\u00e1ndose todas las acciones civiles y penales que le correspondan en caso de infracci\u00f3n o incumplimiento de estos derechos por parte del usuario\/a.<\/span><\/p>\n<ol start=\"3\">\n<li>\n<p class=\"western\" align=\"justify\"><span><b>Protecci\u00f3n de datos de car\u00e1cter personal<\/b><\/span><\/p>\n<\/li>\n<\/ol>\n<p class=\"western\" align=\"justify\"><span>Encontrar\u00e1 informaci\u00f3n detallada sobre el tratamiento de sus datos en el apartado \u201cPol\u00edtica de Privacidad\u201d en esta misma web.<\/span><\/p>\n<ol start=\"4\">\n<li>\n<p class=\"western\" align=\"justify\"><span><b>Varios<\/b><\/span><\/p>\n<\/li>\n<\/ol>\n<p class=\"western\" align=\"justify\"><span><b>A.<\/b><\/span><span>\u2013 UNREAL ISLAND SL<\/span><span>\u00a0<\/span><span>podr\u00e1 modificar, sin previo aviso, la informaci\u00f3n contenida en su sitio web, as\u00ed como su configuraci\u00f3n y presentaci\u00f3n.<\/span><\/p>\n<p class=\"western\" align=\"justify\"><span><b>B.<\/b><\/span><span>\u2013 UNREAL ISLAND SL<\/span><span>\u00a0<\/span><span>se compromete a trav\u00e9s de este medio a NO REALIZAR PUBLICIDAD ENGA\u00d1OSA. A estos efectos, por lo tanto, no ser\u00e1n considerados como publicidad enga\u00f1osa los errores formales o num\u00e9ricos que puedan encontrarse a lo largo del contenido de las distintas secciones de la web de UNREAL ISLAND SL SL<\/span><span> producidos como consecuencia de un mantenimiento y\/o actualizaci\u00f3n incompleta o defectuosa de la informaci\u00f3n contenida en estas secciones. UNREAL ISLAND SL<\/span><span>,<\/span><span>\u00a0como consecuencia de lo dispuesto en este apartado, se compromete a corregirlo tan pronto como tenga conocimiento de dichos errores.<\/span><\/p>\n<p class=\"western\" align=\"justify\"><span><b>C<\/b><\/span><span>.- UNREAL ISLAND SL<\/span><span>\u00a0<\/span><span>se compromete a no remitir comunicaciones comerciales sin identificarlas como tales, conforme a lo dispuesto en la Ley 34\/2002 de Servicios de la Sociedad de la Informaci\u00f3n y de comercio electr\u00f3nico. A estos efectos no ser\u00e1 considerado como comunicaci\u00f3n comercial toda la informaci\u00f3n que se env\u00ede a las personas interesadas siempre que tenga por finalidad el mantenimiento de la relaci\u00f3n existente, as\u00ed como el desempe\u00f1o de las tareas de informaci\u00f3n y otras actividades propias de la entidad.<\/span><\/p>\n<p class=\"western\" align=\"justify\"><span><b>D.<\/b><\/span><span>\u2013 UNREAL ISLAND SL<\/span><span>\u00a0<\/span><span>no se hace responsable del incumplimiento de cualquier norma aplicable en que pueda incurrir el usuario\/a en su acceso este sitio web y\/o en el uso de las informaciones contenidas en el mismo.<\/span><\/p>\n<p class=\"western\" align=\"justify\"><span><b>E.<\/b><\/span><span>\u2013 UNREAL ISLAND SL<\/span><span>\u00a0<\/span><span>no ser\u00e1 responsable de los da\u00f1os y perjuicios producidos o que puedan producirse, cualquiera que sea su naturaleza, que se deriven del uso de la informaci\u00f3n, de las materias contenidas en esta web y de los programas que incorpora. Los enlaces (links) e hipertexto que posibiliten, a trav\u00e9s del sitio web, acceder al usuario\/a a prestaciones y servicios ofrecidos por terceros, no pertenecen ni se encuentran bajo el control de UNREAL ISLAND SL<\/span><span>. Dicha entidad no se hace responsable ni de la informaci\u00f3n contenida en los mismos, ni de cualesquiera efectos que pudieran derivarse de dicha informaci\u00f3n.<\/span><\/p>\n<p class=\"western\" align=\"justify\"><span><b>F.<\/b><\/span><span>\u2013 UNREAL ISLAND SL<\/span><span>\u00a0<\/span><span>no se hace responsable del uso ileg\u00edtimo que terceras personas puedan hacer de los nombres de marca, nombres de producto, marcas comerciales que, no siendo propiedad de dicha entidad, aparezcan en el presente sitio web. Tampoco se responsabiliza de la integridad, veracidad y licitud del contenido de los enlaces a las webs a las que pueda accederse desde el presente sitio web.<\/span><\/p>\n<p class=\"western\" align=\"justify\"><span><b>G.<\/b><\/span><span>\u2013 En definitiva, la persona usuaria es la \u00fanica responsable del uso que realice de los servicios, contenidos, enlaces (links) e hipertexto incluidos en el presente sitio web.<\/span><\/p>\n<p>[\/et_pb_text][\/et_pb_column][\/et_pb_row][\/et_pb_section]<\/p>\n","protected":false},"excerpt":{"rendered":"<p>AVISO LEGAL Datos del responsable En cumplimiento del art\u00edculo 10 de la Ley 34\/2002, de 11 de julio, de Servicios de la Sociedad de la Informaci\u00f3n y Comercio Electr\u00f3nico, a continuaci\u00f3n, se exponen los datos identificativos del responsable. Denominaci\u00f3n social:\u00a0UNREAL ISLAND S.L. C.I.F.\/N.I.F.: B90099292\u00a0 Domicilio Social: C \/ Valdes Leal 8. 41940 Tomares (Sevilla). Correo [&hellip;]<\/p>\n","protected":false},"author":1,"featured_media":0,"parent":0,"menu_order":0,"comment_status":"closed","ping_status":"closed","template":"","meta":{"_et_pb_use_builder":"on","_et_pb_old_content":"","_et_gb_content_width":"","footnotes":""},"class_list":["post-590","page","type-page","status-publish","hentry"],"_links":{"self":[{"href":"https:\/\/unrealattractions.com\/es\/wp-json\/wp\/v2\/pages\/590","targetHints":{"allow":["GET"]}}],"collection":[{"href":"https:\/\/unrealattractions.com\/es\/wp-json\/wp\/v2\/pages"}],"about":[{"href":"https:\/\/unrealattractions.com\/es\/wp-json\/wp\/v2\/types\/page"}],"author":[{"embeddable":true,"href":"https:\/\/unrealattractions.com\/es\/wp-json\/wp\/v2\/users\/1"}],"replies":[{"embeddable":true,"href":"https:\/\/unrealattractions.com\/es\/wp-json\/wp\/v2\/comments?post=590"}],"version-history":[{"count":3,"href":"https:\/\/unrealattractions.com\/es\/wp-json\/wp\/v2\/pages\/590\/revisions"}],"predecessor-version":[{"id":609,"href":"https:\/\/unrealattractions.com\/es\/wp-json\/wp\/v2\/pages\/590\/revisions\/609"}],"wp:attachment":[{"href":"https:\/\/unrealattractions.com\/es\/wp-json\/wp\/v2\/media?parent=590"}],"curies":[{"name":"wp","href":"https:\/\/api.w.org\/{rel}","templated":true}]}}